{"id":1947,"date":"2025-11-07T16:11:33","date_gmt":"2025-11-07T16:11:33","guid":{"rendered":"https:\/\/sunflowercasita.com\/?page_id=1947"},"modified":"2026-03-13T19:59:52","modified_gmt":"2026-03-13T19:59:52","slug":"about-us","status":"publish","type":"page","link":"https:\/\/sunflowercasita.com\/es\/about-us\/","title":{"rendered":"About"},"content":{"rendered":"<div data-elementor-type=\"wp-page\" data-elementor-id=\"1947\" class=\"elementor elementor-1947\" data-elementor-post-type=\"page\">\n\t\t\t\t<div class=\"elementor-element elementor-element-9b8745a e-flex e-con-boxed e-con e-parent\" data-id=\"9b8745a\" data-element_type=\"container\">\n\t\t\t\t\t<div class=\"e-con-inner\">\n\t\t\t\t<div class=\"elementor-element elementor-element-7ab46bc elementor-widget elementor-widget-qi_addons_for_elementor_animated_text\" data-id=\"7ab46bc\" data-element_type=\"widget\" data-no-translation=\"\" data-widget_type=\"qi_addons_for_elementor_animated_text.default\">\n\t\t\t\t<div class=\"elementor-widget-container\">\n\t\t\t\t\t<style>.elementor-element-7ab46bc{display:none !important}<\/style>\t\t\t\t<\/div>\n\t\t\t\t<\/div>\n\t\t\t\t<div class=\"elementor-element elementor-element-311cf7a elementor-widget elementor-widget-qi_addons_for_elementor_animated_text\" data-id=\"311cf7a\" data-element_type=\"widget\" data-no-translation=\"\" data-widget_type=\"qi_addons_for_elementor_animated_text.default\">\n\t\t\t\t<div class=\"elementor-widget-container\">\n\t\t\t\t\t<div class=\"qodef-shortcode qodef-m qodef-qi-animated-text qodef--animated-by-word qodef--alignment-center qodef-qi--has-appear qodef--appear-from-bottom\" >\n\t\t<h2 class=\"qodef-m-title\">\n\t\t<span class=\"qodef-e-word\">Contratistas<\/span> <span class=\"qodef-e-word\">de<\/span> <span class=\"qodef-e-word\">Ampliaciones.<\/span>\t<\/h2>\n<\/div>\n\t\t\t\t<\/div>\n\t\t\t\t<\/div>\n\t\t\t\t<div class=\"elementor-element elementor-element-aa423e9 elementor-widget elementor-widget-qi_addons_for_elementor_animated_text\" data-id=\"aa423e9\" data-element_type=\"widget\" data-widget_type=\"qi_addons_for_elementor_animated_text.default\">\n\t\t\t\t<div class=\"elementor-widget-container\">\n\t\t\t\t\t<div class=\"qodef-shortcode qodef-m qodef-qi-animated-text qodef--animated-by-word qodef--alignment-center qodef-qi--has-appear qodef--appear-from-bottom\" >\n\t\t<h3 class=\"qodef-m-title\">\n\t\t<span class=\"qodef-e-word\">Especialistas<\/span> <span class=\"qodef-e-word\">en<\/span> <span class=\"qodef-e-word\">Expansion.<\/span>\t<\/h3>\n<\/div>\n\t\t\t\t<\/div>\n\t\t\t\t<\/div>\n\t\t\t\t<div class=\"elementor-element elementor-element-cc8b023 elementor-invisible elementor-widget elementor-widget-text-editor\" data-id=\"cc8b023\" data-element_type=\"widget\" data-settings=\"{&quot;_animation&quot;:&quot;fadeIn&quot;}\" data-widget_type=\"text-editor.default\">\n\t\t\t\t\t\t\t\t\t<p>Nuestros contratistas de ampliaci\u00f3n de viviendas son expertos en fusionar nuevos espacios con estructuras existentes, de forma perfecta y segura.<br \/>Utilizamos m\u00e9todos de construcci\u00f3n avanzados para garantizar que su adici\u00f3n se sienta original, no \"a\u00f1adida\".<\/p>\t\t\t\t\t\t\t\t<\/div>\n\t\t\t\t<div class=\"elementor-element elementor-element-b0d3684 elementor-invisible elementor-widget elementor-widget-image\" data-id=\"b0d3684\" data-element_type=\"widget\" data-settings=\"{&quot;_animation&quot;:&quot;fadeIn&quot;}\" data-widget_type=\"image.default\">\n\t\t\t\t\t\t\t\t\t\t\t\t\t\t\t<img fetchpriority=\"high\" decoding=\"async\" width=\"800\" height=\"450\" src=\"https:\/\/sunflowercasita.com\/wp-content\/uploads\/2025\/11\/a2-1024x576.webp\" class=\"attachment-large size-large wp-image-2580\" alt=\"\" srcset=\"https:\/\/sunflowercasita.com\/wp-content\/uploads\/2025\/11\/a2-1024x576.webp 1024w, https:\/\/sunflowercasita.com\/wp-content\/uploads\/2025\/11\/a2-300x169.webp 300w, https:\/\/sunflowercasita.com\/wp-content\/uploads\/2025\/11\/a2-768x432.webp 768w, https:\/\/sunflowercasita.com\/wp-content\/uploads\/2025\/11\/a2-1536x864.webp 1536w, https:\/\/sunflowercasita.com\/wp-content\/uploads\/2025\/11\/a2-18x10.webp 18w, https:\/\/sunflowercasita.com\/wp-content\/uploads\/2025\/11\/a2.webp 1600w\" sizes=\"(max-width: 800px) 100vw, 800px\" \/>\t\t\t\t\t\t\t\t\t\t\t\t\t\t\t<\/div>\n\t\t\t\t\t<\/div>\n\t\t\t\t<\/div>\n\t\t<div class=\"elementor-element elementor-element-faad5c3 e-flex e-con-boxed e-con e-parent\" data-id=\"faad5c3\" data-element_type=\"container\">\n\t\t\t\t\t<div class=\"e-con-inner\">\n\t\t<div class=\"elementor-element elementor-element-dfd57a1 e-con-full e-flex e-con e-child\" data-id=\"dfd57a1\" data-element_type=\"container\">\n\t\t\t\t<div class=\"elementor-element elementor-element-be63d73 elementor-widget elementor-widget-heading\" data-id=\"be63d73\" data-element_type=\"widget\" data-widget_type=\"heading.default\">\n\t\t\t\t\t<h2 class=\"elementor-heading-title elementor-size-default\">Remodelaci\u00f3n de casas en Arizona. Renueva, Redise\u00f1a y Reimagina.<\/h2>\t\t\t\t<\/div>\n\t\t\t\t<div class=\"elementor-element elementor-element-f7aaf32 elementor-widget__width-initial elementor-widget elementor-widget-text-editor\" data-id=\"f7aaf32\" data-element_type=\"widget\" data-widget_type=\"text-editor.default\">\n\t\t\t\t\t\t\t\t\t<p>Nuestras <strong>remodelaciones de casas en Arizona<\/strong> transforman los espacios anticuados en impresionantes y funcionales zonas de estar.<br \/>Desde mejoras de cocina hasta renovaciones completas de la casa, aportamos mano de obra de calidad y creatividad a cada proyecto.<\/p>\t\t\t\t\t\t\t\t<\/div>\n\t\t\t\t<\/div>\n\t\t<div class=\"elementor-element elementor-element-c780e31 e-con-full e-flex e-con e-child\" data-id=\"c780e31\" data-element_type=\"container\">\n\t\t\t\t<div class=\"elementor-element elementor-element-13c8dc4 elementor-position-left elementor-position-top elementor-vertical-align-top elementor-invisible elementor-widget elementor-widget-image-box\" data-id=\"13c8dc4\" data-element_type=\"widget\" data-settings=\"{&quot;_animation&quot;:&quot;fadeIn&quot;}\" data-widget_type=\"image-box.default\">\n\t\t\t\t\t<div class=\"elementor-image-box-wrapper\"><figure class=\"elementor-image-box-img\"><img decoding=\"async\" width=\"100\" height=\"100\" src=\"https:\/\/sunflowercasita.com\/wp-content\/uploads\/2025\/11\/floorPlan.webp\" class=\"attachment-full size-full wp-image-1770\" alt=\"\" \/><\/figure><div class=\"elementor-image-box-content\"><h3 class=\"elementor-image-box-title\">Servicios completos de remodelaci\u00f3n en todo Arizona.<\/h3><p class=\"elementor-image-box-description\">Nos encargamos de ba\u00f1os, cocinas, salas y remodelaciones completas de casas con precisi\u00f3n.<\/p><\/div><\/div>\t\t\t\t<\/div>\n\t\t\t\t<div class=\"elementor-element elementor-element-1a11a79 elementor-position-left elementor-position-top elementor-vertical-align-top elementor-invisible elementor-widget elementor-widget-image-box\" data-id=\"1a11a79\" data-element_type=\"widget\" data-settings=\"{&quot;_animation&quot;:&quot;fadeIn&quot;}\" data-widget_type=\"image-box.default\">\n\t\t\t\t\t<div class=\"elementor-image-box-wrapper\"><figure class=\"elementor-image-box-img\"><img decoding=\"async\" width=\"100\" height=\"100\" src=\"https:\/\/sunflowercasita.com\/wp-content\/uploads\/2025\/11\/house-1.webp\" class=\"attachment-full size-full wp-image-1771\" alt=\"\" \/><\/figure><div class=\"elementor-image-box-content\"><h3 class=\"elementor-image-box-title\">Creado para los estilos de vida de Arizona.<\/h3><p class=\"elementor-image-box-description\">Materiales energ\u00e9ticamente eficientes, dise\u00f1os adaptados al desierto y calidad que perdura en todas las estaciones del a\u00f1o.<\/p><\/div><\/div>\t\t\t\t<\/div>\n\t\t\t\t<\/div>\n\t\t\t\t\t<\/div>\n\t\t\t\t<\/div>\n\t\t<div class=\"elementor-element elementor-element-736d6a1 e-grid e-con-boxed e-con e-parent\" data-id=\"736d6a1\" data-element_type=\"container\">\n\t\t\t\t\t<div class=\"e-con-inner\">\n\t\t\t\t<div class=\"elementor-element elementor-element-55b7281 elementor-invisible elementor-widget elementor-widget-image\" data-id=\"55b7281\" data-element_type=\"widget\" data-settings=\"{&quot;_animation&quot;:&quot;fadeIn&quot;}\" data-widget_type=\"image.default\">\n\t\t\t\t\t\t\t\t\t\t\t\t\t\t\t<img loading=\"lazy\" decoding=\"async\" width=\"800\" height=\"450\" src=\"https:\/\/sunflowercasita.com\/wp-content\/uploads\/2025\/11\/Grand-Canyon-8-Outdoor-w-people-1024x576.webp\" class=\"attachment-large size-large wp-image-2163\" alt=\"\" srcset=\"https:\/\/sunflowercasita.com\/wp-content\/uploads\/2025\/11\/Grand-Canyon-8-Outdoor-w-people-1024x576.webp 1024w, https:\/\/sunflowercasita.com\/wp-content\/uploads\/2025\/11\/Grand-Canyon-8-Outdoor-w-people-300x169.webp 300w, https:\/\/sunflowercasita.com\/wp-content\/uploads\/2025\/11\/Grand-Canyon-8-Outdoor-w-people-768x432.webp 768w, https:\/\/sunflowercasita.com\/wp-content\/uploads\/2025\/11\/Grand-Canyon-8-Outdoor-w-people-1536x864.webp 1536w, https:\/\/sunflowercasita.com\/wp-content\/uploads\/2025\/11\/Grand-Canyon-8-Outdoor-w-people-2048x1152.webp 2048w\" sizes=\"(max-width: 800px) 100vw, 800px\" \/>\t\t\t\t\t\t\t\t\t\t\t\t\t\t\t<\/div>\n\t\t\t\t<div class=\"elementor-element elementor-element-c4b381c elementor-invisible elementor-widget elementor-widget-image\" data-id=\"c4b381c\" data-element_type=\"widget\" data-settings=\"{&quot;_animation&quot;:&quot;fadeIn&quot;,&quot;_animation_delay&quot;:200}\" data-widget_type=\"image.default\">\n\t\t\t\t\t\t\t\t\t\t\t\t\t\t\t<img loading=\"lazy\" decoding=\"async\" width=\"800\" height=\"450\" src=\"https:\/\/sunflowercasita.com\/wp-content\/uploads\/2025\/11\/Horse-shoe-bend-4-Kitchen-Night-1-1024x576.webp\" class=\"attachment-large size-large wp-image-2166\" alt=\"\" srcset=\"https:\/\/sunflowercasita.com\/wp-content\/uploads\/2025\/11\/Horse-shoe-bend-4-Kitchen-Night-1-1024x576.webp 1024w, https:\/\/sunflowercasita.com\/wp-content\/uploads\/2025\/11\/Horse-shoe-bend-4-Kitchen-Night-1-300x169.webp 300w, https:\/\/sunflowercasita.com\/wp-content\/uploads\/2025\/11\/Horse-shoe-bend-4-Kitchen-Night-1-768x432.webp 768w, https:\/\/sunflowercasita.com\/wp-content\/uploads\/2025\/11\/Horse-shoe-bend-4-Kitchen-Night-1-1536x864.webp 1536w, https:\/\/sunflowercasita.com\/wp-content\/uploads\/2025\/11\/Horse-shoe-bend-4-Kitchen-Night-1-2048x1152.webp 2048w\" sizes=\"(max-width: 800px) 100vw, 800px\" \/>\t\t\t\t\t\t\t\t\t\t\t\t\t\t\t<\/div>\n\t\t\t\t<div class=\"elementor-element elementor-element-c4769aa elementor-invisible elementor-widget elementor-widget-image\" data-id=\"c4769aa\" data-element_type=\"widget\" data-settings=\"{&quot;_animation&quot;:&quot;fadeIn&quot;,&quot;_animation_delay&quot;:400}\" data-widget_type=\"image.default\">\n\t\t\t\t\t\t\t\t\t\t\t\t\t\t\t<img loading=\"lazy\" decoding=\"async\" width=\"800\" height=\"450\" src=\"https:\/\/sunflowercasita.com\/wp-content\/uploads\/2025\/11\/Mooney-Fall-5-Kitchen-Living-Room-1-1024x576.webp\" class=\"attachment-large size-large wp-image-2167\" alt=\"\" srcset=\"https:\/\/sunflowercasita.com\/wp-content\/uploads\/2025\/11\/Mooney-Fall-5-Kitchen-Living-Room-1-1024x576.webp 1024w, https:\/\/sunflowercasita.com\/wp-content\/uploads\/2025\/11\/Mooney-Fall-5-Kitchen-Living-Room-1-300x169.webp 300w, https:\/\/sunflowercasita.com\/wp-content\/uploads\/2025\/11\/Mooney-Fall-5-Kitchen-Living-Room-1-768x432.webp 768w, https:\/\/sunflowercasita.com\/wp-content\/uploads\/2025\/11\/Mooney-Fall-5-Kitchen-Living-Room-1-1536x864.webp 1536w, https:\/\/sunflowercasita.com\/wp-content\/uploads\/2025\/11\/Mooney-Fall-5-Kitchen-Living-Room-1-2048x1152.webp 2048w\" sizes=\"(max-width: 800px) 100vw, 800px\" \/>\t\t\t\t\t\t\t\t\t\t\t\t\t\t\t<\/div>\n\t\t\t\t<div class=\"elementor-element elementor-element-24af3c6 elementor-invisible elementor-widget elementor-widget-image\" data-id=\"24af3c6\" data-element_type=\"widget\" data-settings=\"{&quot;_animation&quot;:&quot;fadeIn&quot;,&quot;_animation_delay&quot;:600}\" data-widget_type=\"image.default\">\n\t\t\t\t\t\t\t\t\t\t\t\t\t\t\t<img loading=\"lazy\" decoding=\"async\" width=\"800\" height=\"450\" src=\"https:\/\/sunflowercasita.com\/wp-content\/uploads\/2025\/11\/Saguaro-5-interior-Kitchen-night-1-1024x576.webp\" class=\"attachment-large size-large wp-image-2170\" alt=\"\" srcset=\"https:\/\/sunflowercasita.com\/wp-content\/uploads\/2025\/11\/Saguaro-5-interior-Kitchen-night-1-1024x576.webp 1024w, https:\/\/sunflowercasita.com\/wp-content\/uploads\/2025\/11\/Saguaro-5-interior-Kitchen-night-1-300x169.webp 300w, https:\/\/sunflowercasita.com\/wp-content\/uploads\/2025\/11\/Saguaro-5-interior-Kitchen-night-1-768x432.webp 768w, https:\/\/sunflowercasita.com\/wp-content\/uploads\/2025\/11\/Saguaro-5-interior-Kitchen-night-1-1536x865.webp 1536w, https:\/\/sunflowercasita.com\/wp-content\/uploads\/2025\/11\/Saguaro-5-interior-Kitchen-night-1-2048x1153.webp 2048w\" sizes=\"(max-width: 800px) 100vw, 800px\" \/>\t\t\t\t\t\t\t\t\t\t\t\t\t\t\t<\/div>\n\t\t\t\t<div class=\"elementor-element elementor-element-82ffa67 elementor-invisible elementor-widget elementor-widget-image\" data-id=\"82ffa67\" data-element_type=\"widget\" data-settings=\"{&quot;_animation&quot;:&quot;fadeIn&quot;,&quot;_animation_delay&quot;:600}\" data-widget_type=\"image.default\">\n\t\t\t\t\t\t\t\t\t\t\t\t\t\t\t<img loading=\"lazy\" decoding=\"async\" width=\"800\" height=\"450\" src=\"https:\/\/sunflowercasita.com\/wp-content\/uploads\/2025\/11\/Sedona-Living-room-and-kitchen-w-people-1024x576.webp\" class=\"attachment-large size-large wp-image-2169\" alt=\"\" srcset=\"https:\/\/sunflowercasita.com\/wp-content\/uploads\/2025\/11\/Sedona-Living-room-and-kitchen-w-people-1024x576.webp 1024w, https:\/\/sunflowercasita.com\/wp-content\/uploads\/2025\/11\/Sedona-Living-room-and-kitchen-w-people-300x169.webp 300w, https:\/\/sunflowercasita.com\/wp-content\/uploads\/2025\/11\/Sedona-Living-room-and-kitchen-w-people-768x432.webp 768w, https:\/\/sunflowercasita.com\/wp-content\/uploads\/2025\/11\/Sedona-Living-room-and-kitchen-w-people-1536x864.webp 1536w, https:\/\/sunflowercasita.com\/wp-content\/uploads\/2025\/11\/Sedona-Living-room-and-kitchen-w-people-2048x1152.webp 2048w\" sizes=\"(max-width: 800px) 100vw, 800px\" \/>\t\t\t\t\t\t\t\t\t\t\t\t\t\t\t<\/div>\n\t\t\t\t<div class=\"elementor-element elementor-element-3eceec7 elementor-invisible elementor-widget elementor-widget-image\" data-id=\"3eceec7\" data-element_type=\"widget\" data-settings=\"{&quot;_animation&quot;:&quot;fadeIn&quot;,&quot;_animation_delay&quot;:600}\" data-widget_type=\"image.default\">\n\t\t\t\t\t\t\t\t\t\t\t\t\t\t\t<img loading=\"lazy\" decoding=\"async\" width=\"800\" height=\"450\" src=\"https:\/\/sunflowercasita.com\/wp-content\/uploads\/2025\/11\/Papago-5-Living-Room-1024x576.webp\" class=\"attachment-large size-large wp-image-2168\" alt=\"\" srcset=\"https:\/\/sunflowercasita.com\/wp-content\/uploads\/2025\/11\/Papago-5-Living-Room-1024x576.webp 1024w, https:\/\/sunflowercasita.com\/wp-content\/uploads\/2025\/11\/Papago-5-Living-Room-300x169.webp 300w, https:\/\/sunflowercasita.com\/wp-content\/uploads\/2025\/11\/Papago-5-Living-Room-768x432.webp 768w, https:\/\/sunflowercasita.com\/wp-content\/uploads\/2025\/11\/Papago-5-Living-Room-1536x864.webp 1536w, https:\/\/sunflowercasita.com\/wp-content\/uploads\/2025\/11\/Papago-5-Living-Room-2048x1152.webp 2048w\" sizes=\"(max-width: 800px) 100vw, 800px\" \/>\t\t\t\t\t\t\t\t\t\t\t\t\t\t\t<\/div>\n\t\t\t\t\t<\/div>\n\t\t\t\t<\/div>\n\t\t<div class=\"elementor-element elementor-element-7921389 e-flex e-con-boxed e-con e-parent\" data-id=\"7921389\" data-element_type=\"container\">\n\t\t\t\t\t<div class=\"e-con-inner\">\n\t\t<div class=\"elementor-element elementor-element-d1b775e e-con-full e-flex e-con e-child\" data-id=\"d1b775e\" data-element_type=\"container\" data-settings=\"{&quot;background_background&quot;:&quot;classic&quot;}\">\n\t\t<div class=\"elementor-element elementor-element-1200977 e-con-full e-flex e-con e-child\" data-id=\"1200977\" data-element_type=\"container\" data-settings=\"{&quot;background_background&quot;:&quot;classic&quot;}\">\n\t\t\t\t<\/div>\n\t\t<div class=\"elementor-element elementor-element-77bfc11 e-con-full e-flex e-con e-child\" data-id=\"77bfc11\" data-element_type=\"container\">\n\t\t\t\t<div class=\"elementor-element elementor-element-6a4e25e elementor-widget elementor-widget-qi_addons_for_elementor_animated_text\" data-id=\"6a4e25e\" data-element_type=\"widget\" data-widget_type=\"qi_addons_for_elementor_animated_text.default\">\n\t\t\t\t<div class=\"elementor-widget-container\">\n\t\t\t\t\t<div class=\"qodef-shortcode qodef-m qodef-qi-animated-text qodef--animated-by-word qodef-qi--has-appear qodef--appear-from-bottom\" >\n\t\t<h2 class=\"qodef-m-title\">\n\t\t<span class=\"qodef-e-word\">Ponte<\/span> <span class=\"qodef-e-word\">en<\/span> <span class=\"qodef-e-word\">Contacto<\/span>\t<\/h2>\n<\/div>\n\t\t\t\t<\/div>\n\t\t\t\t<\/div>\n\t\t\t\t<div class=\"elementor-element elementor-element-25ed2a7 fluentform-widget-submit-button-custom elementor-widget elementor-widget-fluent-form-widget\" data-id=\"25ed2a7\" data-element_type=\"widget\" data-widget_type=\"fluent-form-widget.default\">\n\t\t\t\t<div class=\"elementor-widget-container\">\n\t\t\t\t\t\n            <div class=\"fluentform-widget-wrapper fluentform-widget-custom-radio-checkbox fluentform-widget-align-default\">\n\n            \n            <div class='fluentform ff-default fluentform_wrapper_3 ffs_default_wrap'><form data-form_id=\"3\" id=\"fluentform_3\" class=\"frm-fluent-form fluent_form_3 ff-el-form-top ff_form_instance_3_1 ff-form-loading ffs_default\" data-form_instance=\"ff_form_instance_3_1\" method=\"POST\" action=\"\" ><fieldset  style=\"border: none!important;margin: 0!important;padding: 0!important;background-color: transparent!important;box-shadow: none!important;outline: none!important; min-inline-size: 100%;\">\n                    <legend class=\"ff_screen_reader_title\" style=\"display: block; margin: 0!important;padding: 0!important;height: 0!important;text-indent: -999999px;width: 0!important;overflow:hidden;\">Contact (Model choose)<\/legend><input type='hidden' name='__fluent_form_embded_post_id' value='1947' \/><input type=\"hidden\" id=\"_fluentform_3_fluentformnonce\" name=\"_fluentform_3_fluentformnonce\" value=\"06bd6acf60\" \/><input type=\"hidden\" name=\"_wp_http_referer\" value=\"\/es\/wp-json\/wp\/v2\/pages\/1947\" \/><div class='ff-el-group'><div class=\"ff-el-input--label asterisk-right\"><label for='ff_3_input_text' id='label_ff_3_input_text' aria-label=\"Nombre\">Nombre<\/label><\/div><div class='ff-el-input--content'><input type=\"text\" name=\"input_text\" class=\"ff-el-form-control\" placeholder=\"Tu nombre\" data-name=\"input_text\" id=\"ff_3_input_text\"  aria-invalid=\"false\" aria-required=\"false\"><\/div><\/div><div class='ff-el-group'><div class=\"ff-el-input--label asterisk-right\"><label for='ff_3_input_text_1' id='label_ff_3_input_text_1' aria-label=\"Email\">Email<\/label><\/div><div class='ff-el-input--content'><input type=\"text\" name=\"input_text_1\" class=\"ff-el-form-control\" placeholder=\"Tu correo electr\u00f3nico\" data-name=\"input_text_1\" id=\"ff_3_input_text_1\"  aria-invalid=\"false\" aria-required=\"false\"><\/div><\/div><div class='ff-el-group'><div class=\"ff-el-input--label asterisk-right\"><label for='ff_3_input_text_2' id='label_ff_3_input_text_2' aria-label=\"Tel\u00e9fono\">Tel\u00e9fono<\/label><\/div><div class='ff-el-input--content'><input type=\"text\" name=\"input_text_2\" class=\"ff-el-form-control\" placeholder=\"Tu tel\u00e9fono\" data-name=\"input_text_2\" id=\"ff_3_input_text_2\"  aria-invalid=\"false\" aria-required=\"false\"><\/div><\/div><div class='ff-el-group'><div class=\"ff-el-input--label asterisk-right\"><label for='ff_3_dropdown' id='label_ff_3_dropdown' aria-label=\"\u00bfQu\u00e9 modelo te interesa?\">\u00bfQu\u00e9 modelo te interesa?<\/label><\/div><div class='ff-el-input--content'><select name=\"dropdown\" id=\"ff_3_dropdown\" class=\"ff-el-form-control\" data-name=\"dropdown\" data-calc_value=\"0\"  aria-invalid=\"false\" aria-required=\"false\" aria-labelledby=\"label_ff_3_dropdown\"><option value=\"\">- Select model -<\/option><option value=\"Saguaro\"  >Saguaro<\/option><option value=\"Mooney Fall\"  >Mooney Fall<\/option><option value=\"Horse Shoe Bend\"  >Horse Shoe Bend<\/option><option value=\"Papago\"  >Papago<\/option><option value=\"Sedona\"  >Sedona<\/option><option value=\"Grand Canyon\"  >Grand Canyon<\/option><\/select><\/div><\/div><div class='ff-el-group    ff-el-input--content'><div class='ff-el-form-check ff-el-tc'><label aria-label='Terms and Conditions: I agree to terms &amp; conditions provided by SunFlowerCasita.com. By providing my phone number, I agree to receive text messages from the business &amp; I can opt out at any time. View our Terms and Conditions or Privacy Policy here. Contains 2 links. Use tab navigation to review.' class='ff-el-form-check-label ff_tc_label' for=\"terms-n-condition_d48bf7ad38a92c492f4a1f0715041737\"><span class='ff_tc_checkbox'><input type=\"checkbox\" name=\"terms-n-condition\" class=\"ff-el-form-check-input\" data-name=\"terms-n-condition\" id=\"terms-n-condition_d48bf7ad38a92c492f4a1f0715041737\"  value='on' aria-invalid='false' aria-required=\"false\"><\/span> <div class='ff_t_c'><p>Acepto los t\u00e9rminos y condiciones proporcionados por SunFlowerCasita.com.\nAl proporcionar mi n\u00famero de tel\u00e9fono, acepto recibir mensajes de texto (o SMS) de la empresa y puedo darme de baja en cualquier momento.\nConsulta nuestro <a href=\"#\" target=\"_blank\" rel=\"noopener\">T\u00e9rminos y Condiciones<\/a> o <a href=\"#\" target=\"_blank\" rel=\"noopener\">Pol\u00edticas de Privacidad<\/a> aqu\u00ed.<\/p><\/div><\/label><\/div><\/div><div class='ff-el-group ff-text-left ff_submit_btn_wrapper'><button type=\"submit\" class=\"ff-btn ff-btn-submit ff-btn-md ff_btn_style\"  aria-label=\"Enviar Formulario\">Enviar Formulario<\/button><\/div><\/fieldset><input type=\"hidden\" name=\"trp-form-language\" value=\"es\"\/><\/form><div id='fluentform_3_errors' class='ff-errors-in-stack ff_form_instance_3_1 ff-form-loading_errors ff_form_instance_3_1_errors'><\/div><\/div>            <script type=\"text\/javascript\">\n                window.fluent_form_ff_form_instance_3_1 = {\"id\":\"3\",\"settings\":{\"layout\":{\"labelPlacement\":\"top\",\"asteriskPlacement\":\"asterisk-right\",\"helpMessagePlacement\":\"with_label\",\"errorMessagePlacement\":\"inline\",\"cssClassName\":\"\"},\"restrictions\":{\"denyEmptySubmission\":{\"enabled\":false}}},\"form_instance\":\"ff_form_instance_3_1\",\"form_id_selector\":\"fluentform_3\",\"rules\":{\"input_text\":{\"required\":{\"value\":false,\"message\":\"This field is required\",\"global_message\":\"This field is required\",\"global\":true}},\"input_text_1\":{\"required\":{\"value\":false,\"message\":\"This field is required\",\"global_message\":\"This field is required\",\"global\":true}},\"input_text_2\":{\"required\":{\"value\":false,\"message\":\"This field is required\",\"global_message\":\"This field is required\",\"global\":true}},\"dropdown\":{\"required\":{\"value\":false,\"message\":\"This field is required\",\"global_message\":\"This field is required\",\"global\":true}},\"terms-n-condition\":{\"required\":{\"value\":false,\"message\":\"This field is required\",\"global_message\":\"This field is required\",\"global\":true}}},\"debounce_time\":300};\n                            <\/script>\n                        <\/div>\n\n            \t\t\t\t<\/div>\n\t\t\t\t<\/div>\n\t\t\t\t<\/div>\n\t\t\t\t<\/div>\n\t\t\t\t\t<\/div>\n\t\t\t\t<\/div>\n\t\t\t\t<\/div>","protected":false},"excerpt":{"rendered":"<p>Home Addition Contractors. Specialists in Expansion. Our home addition contractors are experts at merging new spaces with existing structures, seamlessly and safely.We use advanced building methods to ensure your addition feels original, not \u201cadded on&#8221;. Arizona Home Remodeling. Renew, Redesign, and Reimagine. Our Arizona home remodeling team transforms outdated spaces into stunning, functional living areas.From [&hellip;]<\/p>","protected":false},"author":1,"featured_media":0,"parent":0,"menu_order":0,"comment_status":"closed","ping_status":"closed","template":"","meta":{"footnotes":""},"class_list":["post-1947","page","type-page","status-publish","hentry"],"_hostinger_reach_plugin_has_subscription_block":false,"_hostinger_reach_plugin_is_elementor":false,"_links":{"self":[{"href":"https:\/\/sunflowercasita.com\/es\/wp-json\/wp\/v2\/pages\/1947","targetHints":{"allow":["GET"]}}],"collection":[{"href":"https:\/\/sunflowercasita.com\/es\/wp-json\/wp\/v2\/pages"}],"about":[{"href":"https:\/\/sunflowercasita.com\/es\/wp-json\/wp\/v2\/types\/page"}],"author":[{"embeddable":true,"href":"https:\/\/sunflowercasita.com\/es\/wp-json\/wp\/v2\/users\/1"}],"replies":[{"embeddable":true,"href":"https:\/\/sunflowercasita.com\/es\/wp-json\/wp\/v2\/comments?post=1947"}],"version-history":[{"count":0,"href":"https:\/\/sunflowercasita.com\/es\/wp-json\/wp\/v2\/pages\/1947\/revisions"}],"wp:attachment":[{"href":"https:\/\/sunflowercasita.com\/es\/wp-json\/wp\/v2\/media?parent=1947"}],"curies":[{"name":"wp","href":"https:\/\/api.w.org\/{rel}","templated":true}]}}